{"id":224,"date":"2023-03-07T08:45:19","date_gmt":"2023-03-07T08:45:19","guid":{"rendered":"https:\/\/kamieniarstwokacpra.dev.phuceno.pl\/front-page\/"},"modified":"2024-09-27T05:18:05","modified_gmt":"2024-09-27T05:18:05","slug":"kamieniarstwo-kacpra","status":"publish","type":"page","link":"https:\/\/kamieniarstwokacpra.dev.phuceno.pl\/","title":{"rendered":"Strona g\u0142\u00f3wna"},"content":{"rendered":"\n<p>Od wiek\u00f3w kamie\u0144 pod wieloma wzgl\u0119dami jest najbardziej wyj\u0105tkowym materia\u0142em budowlanym na \u015bwiecie. Chocia\u017cby dlatego, \u017ce jest niezniszczalny, przez ca\u0142y czas zachowuje swoje naturalne pi\u0119kno. Z czasem nawet bardziej je uwydatniaj\u0105c, jego solidno\u015b\u0107 nie ma kompletnie konkurencji. Jest swego rodzaju zapiskiem historii naszej planety, z ka\u017cdym elementem jak z cz\u0142owiekiem &#8211; jest niepowtarzalny i nigdy taki sam.<\/p>\n\n\n\n<div class=\"wp-block-group is-content-justification-center is-layout-flex wp-container-core-group-is-layout-b02886af wp-block-group-is-layout-flex\">\n<figure class=\"wp-block-image size-full is-resized\"><img loading=\"lazy\" decoding=\"async\" width=\"650\" height=\"550\" src=\"https:\/\/kamieniarstwokacpra.dev.phuceno.pl\/wp-content\/uploads\/2023\/03\/homePhoto1.webp\" alt=\"Winnica z kamienia naturalnego\" class=\"wp-image-244\" style=\"width:450px;height:350px\" srcset=\"https:\/\/kamieniarstwokacpra.dev.phuceno.pl\/wp-content\/uploads\/2023\/03\/homePhoto1.webp 650w, https:\/\/kamieniarstwokacpra.dev.phuceno.pl\/wp-content\/uploads\/2023\/03\/homePhoto1-137x116.webp 137w\" sizes=\"auto, (max-width: 650px) 100vw, 650px\" \/><\/figure>\n\n\n\n<figure class=\"wp-block-image size-full is-resized\"><img loading=\"lazy\" decoding=\"async\" width=\"650\" height=\"550\" src=\"https:\/\/kamieniarstwokacpra.dev.phuceno.pl\/wp-content\/uploads\/2023\/03\/homePhoto2.webp\" alt=\"Posadzka z kamienia\" class=\"wp-image-245\" style=\"width:450px;height:350px\" srcset=\"https:\/\/kamieniarstwokacpra.dev.phuceno.pl\/wp-content\/uploads\/2023\/03\/homePhoto2.webp 650w, https:\/\/kamieniarstwokacpra.dev.phuceno.pl\/wp-content\/uploads\/2023\/03\/homePhoto2-137x116.webp 137w\" sizes=\"auto, (max-width: 650px) 100vw, 650px\" \/><\/figure>\n<\/div>\n\n\n\n<p>Kamieniarstwo w wydaniu takim jakie staram si\u0119 przedstawia\u0107, jest wynikiem porozumienia pomi\u0119dzy gustem i poczuciem estetyki klienta a moim wykonaniem. Najwa\u017cniejszym aspektem w realizacji jest zaprojektowanie pracy w taki spos\u00f3b, aby pi\u0119knie komponowa\u0142a si\u0119 w przestrzeni. Cz\u0119sto w nast\u0119pstwie podkre\u015bla to charakter i styl domu. W fachu jestem ju\u017c od bardzo wielu lat i z pewno\u015bci\u0105 chce zawsze przekonywa\u0107 do siebie swoj\u0105 dok\u0142adno\u015bci\u0105, solidno\u015bci\u0105 i profesjonalizmem. Forma budowlana jak\u0105 wykonuje jest pewnym sposobem, aby podzieli\u0107 si\u0119 z lud\u017ami moim zami\u0142owaniem do naturalnego surowca.<\/p>\n\n\n\n<div class=\"wp-block-group is-content-justification-center is-layout-flex wp-container-core-group-is-layout-b02886af wp-block-group-is-layout-flex\">\n<figure class=\"wp-block-image size-full is-resized\"><img loading=\"lazy\" decoding=\"async\" width=\"650\" height=\"550\" src=\"https:\/\/kamieniarstwokacpra.dev.phuceno.pl\/wp-content\/uploads\/2023\/03\/homePhoto3.webp\" alt=\"Winnica wykonana przez Kamieniarstwo Kacpra\" class=\"wp-image-247\" style=\"width:450px;height:350px\" srcset=\"https:\/\/kamieniarstwokacpra.dev.phuceno.pl\/wp-content\/uploads\/2023\/03\/homePhoto3.webp 650w, https:\/\/kamieniarstwokacpra.dev.phuceno.pl\/wp-content\/uploads\/2023\/03\/homePhoto3-137x116.webp 137w\" sizes=\"auto, (max-width: 650px) 100vw, 650px\" \/><\/figure>\n\n\n\n<figure class=\"wp-block-image size-full is-resized\"><img loading=\"lazy\" decoding=\"async\" width=\"650\" height=\"550\" src=\"https:\/\/kamieniarstwokacpra.dev.phuceno.pl\/wp-content\/uploads\/2023\/03\/homePhoto4.webp\" alt=\"\u015aciana wewn\u0119trzna wy\u0142o\u017cona kamieniem\" class=\"wp-image-250\" style=\"width:450px;height:350px\" srcset=\"https:\/\/kamieniarstwokacpra.dev.phuceno.pl\/wp-content\/uploads\/2023\/03\/homePhoto4.webp 650w, https:\/\/kamieniarstwokacpra.dev.phuceno.pl\/wp-content\/uploads\/2023\/03\/homePhoto4-137x116.webp 137w\" sizes=\"auto, (max-width: 650px) 100vw, 650px\" \/><\/figure>\n<\/div>\n\n\n\n<p><\/p>\n\n\n\n<p>Przez p\u00f3\u0142tora dekady kiedy zajmuje si\u0119 kamieniarstwem doszed\u0142em do niezachwianej pewno\u015bci, \u017ce owe prace maj\u0105 niesko\u0144czony wachlarz mo\u017cliwo\u015bci i pasuj\u0105 naprawd\u0119 do ka\u017cdej formy zabudowy. Kwesti\u0105 nadrz\u0119dn\u0105 jest dobrze dobrana kolorystyka, rodzaj, styl i wykonanie w owej przestrzeni. W dobie dzisiejszych mo\u017cliwo\u015bci gospodarczych oraz ludzkiej wyobra\u017ani mo\u017cna tworzy\u0107 bez ko\u0144ca. Mamy mo\u017cliwo\u015b\u0107 \u015bci\u0105ga\u0107 kamienie praktycznie z ka\u017cdego zak\u0105tka naszej planety. Do tych prac mo\u017cemy wykorzystywa\u0107 r\u00f3wnie\u017c drewno pozyskiwane nawet z drugiego kra\u0144ca Ziemi. Dodam do tego, \u017ce woda kt\u00f3ra jest r\u00f3wnie\u017c cz\u0119sto pomijana w projektach, mo\u017ce zosta\u0107 pi\u0119knie wykorzystana w wi\u0119kszo\u015bci realizowanych projekt\u00f3w.<\/p>\n\n\n\n<div class=\"wp-block-group is-content-justification-center is-layout-flex wp-container-core-group-is-layout-b02886af wp-block-group-is-layout-flex\">\n<figure class=\"wp-block-image size-full is-resized\"><img loading=\"lazy\" decoding=\"async\" width=\"650\" height=\"550\" src=\"https:\/\/kamieniarstwokacpra.dev.phuceno.pl\/wp-content\/uploads\/2023\/03\/homePhoto5.webp\" alt=\"Kapliczka wykonana przez Kamieniarstwo Kacpra\" class=\"wp-image-255\" style=\"width:450px;height:350px\" srcset=\"https:\/\/kamieniarstwokacpra.dev.phuceno.pl\/wp-content\/uploads\/2023\/03\/homePhoto5.webp 650w, https:\/\/kamieniarstwokacpra.dev.phuceno.pl\/wp-content\/uploads\/2023\/03\/homePhoto5-137x116.webp 137w\" sizes=\"auto, (max-width: 650px) 100vw, 650px\" \/><\/figure>\n\n\n\n<figure class=\"wp-block-image size-full is-resized\"><img loading=\"lazy\" decoding=\"async\" width=\"650\" height=\"550\" src=\"https:\/\/kamieniarstwokacpra.dev.phuceno.pl\/wp-content\/uploads\/2023\/03\/homePhoto6.webp\" alt=\"Murek wykonany przez Kamieniarstwo Kacpra\" class=\"wp-image-256\" style=\"width:450px;height:350px\" srcset=\"https:\/\/kamieniarstwokacpra.dev.phuceno.pl\/wp-content\/uploads\/2023\/03\/homePhoto6.webp 650w, https:\/\/kamieniarstwokacpra.dev.phuceno.pl\/wp-content\/uploads\/2023\/03\/homePhoto6-137x116.webp 137w\" sizes=\"auto, (max-width: 650px) 100vw, 650px\" \/><\/figure>\n<\/div>\n\n\n\n<p>W dzisiejszych czasach ka\u017cdy chce mie\u0107 co\u015b unikatowego, jedynego w swoim rodzaju. Ja ch\u0119tnie wyr\u0119czam i spe\u0142niam \u017cyczenie potencjalnego inwestora swoim wykonaniem. Zd\u0105\u017cy\u0142em r\u00f3wnie\u017c zauwa\u017cy\u0107, \u017ce pewne projekty wymagaj\u0105 odwagi i to szczeg\u00f3lnie po stronie inwestora. Bierze si\u0119 to st\u0105d, i\u017c takie projekty nie s\u0105 cz\u0119sto w Polsce propagowane ze wzgl\u0119du na zbyt okrojon\u0105 liczb\u0119 fachowc\u00f3w zajmuj\u0105cych si\u0119 takimi przedsi\u0119wzi\u0119ciami. Dlatego te\u017c zach\u0119cam do uruchamiania i rozbudzenia wyobra\u017ani.<\/p>\n\n\n\n<p><\/p>\n\n\n\n<p><\/p>\n","protected":false},"excerpt":{"rendered":"<p>Od wiek\u00f3w kamie\u0144 pod wieloma wzgl\u0119dami jest najbardziej wyj\u0105tkowym materia\u0142em budowlanym na \u015bwiecie. Chocia\u017cby dlatego, \u017ce jest niezniszczalny, przez ca\u0142y czas zachowuje swoje naturalne pi\u0119kno. Z czasem nawet bardziej je uwydatniaj\u0105c, jego solidno\u015b\u0107 nie ma kompletnie konkurencji. Jest swego rodzaju zapiskiem historii naszej planety, z ka\u017cdym elementem jak z cz\u0142owiekiem &#8211; jest niepowtarzalny i nigdy [&hellip;]<\/p>\n","protected":false},"author":1,"featured_media":0,"parent":0,"menu_order":0,"comment_status":"closed","ping_status":"closed","template":"","meta":{"footnotes":""},"class_list":["post-224","page","type-page","status-publish","hentry"],"yoast_head":"<!-- This site is optimized with the Yoast SEO plugin v26.8 - https:\/\/yoast.com\/product\/yoast-seo-wordpress\/ -->\n<title>Kamieniarstwo Kacpra - Grille, Posadzki, P\u0142oty i wiele wi\u0119cej<\/title>\n<meta name=\"description\" content=\"Kamieniarstwo Kacpra oferuje wysokiej jako\u015bci grille, posadzki, p\u0142oty i inne us\u0142ugi kamieniarskie. Sprawd\u017a nasz\u0105 ofert\u0119 i zam\u00f3w ju\u017c dzi\u015b!\" \/>\n<meta name=\"robots\" content=\"index, follow, max-snippet:-1, max-image-preview:large, max-video-preview:-1\" \/>\n<link rel=\"canonical\" href=\"https:\/\/kamieniarstwokacpra.dev.phuceno.pl\/\" \/>\n<meta property=\"og:locale\" content=\"pl_PL\" \/>\n<meta property=\"og:type\" content=\"article\" \/>\n<meta property=\"og:title\" content=\"Kamieniarstwo Kacpra - Grille, Posadzki, P\u0142oty i wiele wi\u0119cej\" \/>\n<meta property=\"og:description\" content=\"Kamieniarstwo Kacpra oferuje wysokiej jako\u015bci grille, posadzki, p\u0142oty i inne us\u0142ugi kamieniarskie. Sprawd\u017a nasz\u0105 ofert\u0119 i zam\u00f3w ju\u017c dzi\u015b!\" \/>\n<meta property=\"og:url\" content=\"https:\/\/kamieniarstwokacpra.dev.phuceno.pl\/\" \/>\n<meta property=\"og:site_name\" content=\"Kamieniarstwo Kacpra\" \/>\n<meta property=\"article:modified_time\" content=\"2024-09-27T05:18:05+00:00\" \/>\n<meta property=\"og:image\" content=\"https:\/\/kamieniarstwokacpra.dev.phuceno.pl\/wp-content\/uploads\/2023\/03\/homePhoto1.webp\" \/>\n<meta name=\"twitter:card\" content=\"summary_large_image\" \/>\n<meta name=\"twitter:label1\" content=\"Szacowany czas czytania\" \/>\n\t<meta name=\"twitter:data1\" content=\"4 minuty\" \/>\n<script type=\"application\/ld+json\" class=\"yoast-schema-graph\">{\"@context\":\"https:\/\/schema.org\",\"@graph\":[{\"@type\":\"WebPage\",\"@id\":\"https:\/\/kamieniarstwokacpra.dev.phuceno.pl\/\",\"url\":\"https:\/\/kamieniarstwokacpra.dev.phuceno.pl\/\",\"name\":\"Kamieniarstwo Kacpra - Grille, Posadzki, P\u0142oty i wiele wi\u0119cej\",\"isPartOf\":{\"@id\":\"https:\/\/kamieniarstwokacpra.dev.phuceno.pl\/#website\"},\"primaryImageOfPage\":{\"@id\":\"https:\/\/kamieniarstwokacpra.dev.phuceno.pl\/#primaryimage\"},\"image\":{\"@id\":\"https:\/\/kamieniarstwokacpra.dev.phuceno.pl\/#primaryimage\"},\"thumbnailUrl\":\"https:\/\/kamieniarstwokacpra.dev.phuceno.pl\/wp-content\/uploads\/2023\/03\/homePhoto1.webp\",\"datePublished\":\"2023-03-07T08:45:19+00:00\",\"dateModified\":\"2024-09-27T05:18:05+00:00\",\"description\":\"Kamieniarstwo Kacpra oferuje wysokiej jako\u015bci grille, posadzki, p\u0142oty i inne us\u0142ugi kamieniarskie. Sprawd\u017a nasz\u0105 ofert\u0119 i zam\u00f3w ju\u017c dzi\u015b!\",\"breadcrumb\":{\"@id\":\"https:\/\/kamieniarstwokacpra.dev.phuceno.pl\/#breadcrumb\"},\"inLanguage\":\"pl-PL\",\"potentialAction\":[{\"@type\":\"ReadAction\",\"target\":[\"https:\/\/kamieniarstwokacpra.dev.phuceno.pl\/\"]}]},{\"@type\":\"ImageObject\",\"inLanguage\":\"pl-PL\",\"@id\":\"https:\/\/kamieniarstwokacpra.dev.phuceno.pl\/#primaryimage\",\"url\":\"https:\/\/kamieniarstwokacpra.dev.phuceno.pl\/wp-content\/uploads\/2023\/03\/homePhoto1.webp\",\"contentUrl\":\"https:\/\/kamieniarstwokacpra.dev.phuceno.pl\/wp-content\/uploads\/2023\/03\/homePhoto1.webp\"},{\"@type\":\"BreadcrumbList\",\"@id\":\"https:\/\/kamieniarstwokacpra.dev.phuceno.pl\/#breadcrumb\",\"itemListElement\":[{\"@type\":\"ListItem\",\"position\":1,\"name\":\"Strona g\u0142\u00f3wna\",\"item\":\"https:\/\/kamieniarstwokacpra.dev.phuceno.pl\/\"},{\"@type\":\"ListItem\",\"position\":2,\"name\":\"Strona g\u0142\u00f3wna\"}]},{\"@type\":\"WebSite\",\"@id\":\"https:\/\/kamieniarstwokacpra.dev.phuceno.pl\/#website\",\"url\":\"https:\/\/kamieniarstwokacpra.dev.phuceno.pl\/\",\"name\":\"Kamieniarstwo Kacpra\",\"description\":\"Kompleksowe prace z kamienia naturalnego\",\"publisher\":{\"@id\":\"https:\/\/kamieniarstwokacpra.dev.phuceno.pl\/#organization\"},\"potentialAction\":[{\"@type\":\"SearchAction\",\"target\":{\"@type\":\"EntryPoint\",\"urlTemplate\":\"https:\/\/kamieniarstwokacpra.dev.phuceno.pl\/?s={search_term_string}\"},\"query-input\":{\"@type\":\"PropertyValueSpecification\",\"valueRequired\":true,\"valueName\":\"search_term_string\"}}],\"inLanguage\":\"pl-PL\"},{\"@type\":\"Organization\",\"@id\":\"https:\/\/kamieniarstwokacpra.dev.phuceno.pl\/#organization\",\"name\":\"Kamieniarstwo Kacpra\",\"url\":\"https:\/\/kamieniarstwokacpra.dev.phuceno.pl\/\",\"logo\":{\"@type\":\"ImageObject\",\"inLanguage\":\"pl-PL\",\"@id\":\"https:\/\/kamieniarstwokacpra.dev.phuceno.pl\/#\/schema\/logo\/image\/\",\"url\":\"https:\/\/kamieniarstwokacpra.dev.phuceno.pl\/wp-content\/uploads\/2023\/03\/cropped-logo.webp\",\"contentUrl\":\"https:\/\/kamieniarstwokacpra.dev.phuceno.pl\/wp-content\/uploads\/2023\/03\/cropped-logo.webp\",\"width\":500,\"height\":500,\"caption\":\"Kamieniarstwo Kacpra\"},\"image\":{\"@id\":\"https:\/\/kamieniarstwokacpra.dev.phuceno.pl\/#\/schema\/logo\/image\/\"}}]}<\/script>\n<!-- \/ Yoast SEO plugin. -->","yoast_head_json":{"title":"Kamieniarstwo Kacpra - Grille, Posadzki, P\u0142oty i wiele wi\u0119cej","description":"Kamieniarstwo Kacpra oferuje wysokiej jako\u015bci grille, posadzki, p\u0142oty i inne us\u0142ugi kamieniarskie. Sprawd\u017a nasz\u0105 ofert\u0119 i zam\u00f3w ju\u017c dzi\u015b!","robots":{"index":"index","follow":"follow","max-snippet":"max-snippet:-1","max-image-preview":"max-image-preview:large","max-video-preview":"max-video-preview:-1"},"canonical":"https:\/\/kamieniarstwokacpra.dev.phuceno.pl\/","og_locale":"pl_PL","og_type":"article","og_title":"Kamieniarstwo Kacpra - Grille, Posadzki, P\u0142oty i wiele wi\u0119cej","og_description":"Kamieniarstwo Kacpra oferuje wysokiej jako\u015bci grille, posadzki, p\u0142oty i inne us\u0142ugi kamieniarskie. Sprawd\u017a nasz\u0105 ofert\u0119 i zam\u00f3w ju\u017c dzi\u015b!","og_url":"https:\/\/kamieniarstwokacpra.dev.phuceno.pl\/","og_site_name":"Kamieniarstwo Kacpra","article_modified_time":"2024-09-27T05:18:05+00:00","og_image":[{"url":"https:\/\/kamieniarstwokacpra.dev.phuceno.pl\/wp-content\/uploads\/2023\/03\/homePhoto1.webp","type":"","width":"","height":""}],"twitter_card":"summary_large_image","twitter_misc":{"Szacowany czas czytania":"4 minuty"},"schema":{"@context":"https:\/\/schema.org","@graph":[{"@type":"WebPage","@id":"https:\/\/kamieniarstwokacpra.dev.phuceno.pl\/","url":"https:\/\/kamieniarstwokacpra.dev.phuceno.pl\/","name":"Kamieniarstwo Kacpra - Grille, Posadzki, P\u0142oty i wiele wi\u0119cej","isPartOf":{"@id":"https:\/\/kamieniarstwokacpra.dev.phuceno.pl\/#website"},"primaryImageOfPage":{"@id":"https:\/\/kamieniarstwokacpra.dev.phuceno.pl\/#primaryimage"},"image":{"@id":"https:\/\/kamieniarstwokacpra.dev.phuceno.pl\/#primaryimage"},"thumbnailUrl":"https:\/\/kamieniarstwokacpra.dev.phuceno.pl\/wp-content\/uploads\/2023\/03\/homePhoto1.webp","datePublished":"2023-03-07T08:45:19+00:00","dateModified":"2024-09-27T05:18:05+00:00","description":"Kamieniarstwo Kacpra oferuje wysokiej jako\u015bci grille, posadzki, p\u0142oty i inne us\u0142ugi kamieniarskie. Sprawd\u017a nasz\u0105 ofert\u0119 i zam\u00f3w ju\u017c dzi\u015b!","breadcrumb":{"@id":"https:\/\/kamieniarstwokacpra.dev.phuceno.pl\/#breadcrumb"},"inLanguage":"pl-PL","potentialAction":[{"@type":"ReadAction","target":["https:\/\/kamieniarstwokacpra.dev.phuceno.pl\/"]}]},{"@type":"ImageObject","inLanguage":"pl-PL","@id":"https:\/\/kamieniarstwokacpra.dev.phuceno.pl\/#primaryimage","url":"https:\/\/kamieniarstwokacpra.dev.phuceno.pl\/wp-content\/uploads\/2023\/03\/homePhoto1.webp","contentUrl":"https:\/\/kamieniarstwokacpra.dev.phuceno.pl\/wp-content\/uploads\/2023\/03\/homePhoto1.webp"},{"@type":"BreadcrumbList","@id":"https:\/\/kamieniarstwokacpra.dev.phuceno.pl\/#breadcrumb","itemListElement":[{"@type":"ListItem","position":1,"name":"Strona g\u0142\u00f3wna","item":"https:\/\/kamieniarstwokacpra.dev.phuceno.pl\/"},{"@type":"ListItem","position":2,"name":"Strona g\u0142\u00f3wna"}]},{"@type":"WebSite","@id":"https:\/\/kamieniarstwokacpra.dev.phuceno.pl\/#website","url":"https:\/\/kamieniarstwokacpra.dev.phuceno.pl\/","name":"Kamieniarstwo Kacpra","description":"Kompleksowe prace z kamienia naturalnego","publisher":{"@id":"https:\/\/kamieniarstwokacpra.dev.phuceno.pl\/#organization"},"potentialAction":[{"@type":"SearchAction","target":{"@type":"EntryPoint","urlTemplate":"https:\/\/kamieniarstwokacpra.dev.phuceno.pl\/?s={search_term_string}"},"query-input":{"@type":"PropertyValueSpecification","valueRequired":true,"valueName":"search_term_string"}}],"inLanguage":"pl-PL"},{"@type":"Organization","@id":"https:\/\/kamieniarstwokacpra.dev.phuceno.pl\/#organization","name":"Kamieniarstwo Kacpra","url":"https:\/\/kamieniarstwokacpra.dev.phuceno.pl\/","logo":{"@type":"ImageObject","inLanguage":"pl-PL","@id":"https:\/\/kamieniarstwokacpra.dev.phuceno.pl\/#\/schema\/logo\/image\/","url":"https:\/\/kamieniarstwokacpra.dev.phuceno.pl\/wp-content\/uploads\/2023\/03\/cropped-logo.webp","contentUrl":"https:\/\/kamieniarstwokacpra.dev.phuceno.pl\/wp-content\/uploads\/2023\/03\/cropped-logo.webp","width":500,"height":500,"caption":"Kamieniarstwo Kacpra"},"image":{"@id":"https:\/\/kamieniarstwokacpra.dev.phuceno.pl\/#\/schema\/logo\/image\/"}}]}},"_links":{"self":[{"href":"https:\/\/kamieniarstwokacpra.dev.phuceno.pl\/index.php\/wp-json\/wp\/v2\/pages\/224","targetHints":{"allow":["GET"]}}],"collection":[{"href":"https:\/\/kamieniarstwokacpra.dev.phuceno.pl\/index.php\/wp-json\/wp\/v2\/pages"}],"about":[{"href":"https:\/\/kamieniarstwokacpra.dev.phuceno.pl\/index.php\/wp-json\/wp\/v2\/types\/page"}],"author":[{"embeddable":true,"href":"https:\/\/kamieniarstwokacpra.dev.phuceno.pl\/index.php\/wp-json\/wp\/v2\/users\/1"}],"replies":[{"embeddable":true,"href":"https:\/\/kamieniarstwokacpra.dev.phuceno.pl\/index.php\/wp-json\/wp\/v2\/comments?post=224"}],"version-history":[{"count":34,"href":"https:\/\/kamieniarstwokacpra.dev.phuceno.pl\/index.php\/wp-json\/wp\/v2\/pages\/224\/revisions"}],"predecessor-version":[{"id":1924,"href":"https:\/\/kamieniarstwokacpra.dev.phuceno.pl\/index.php\/wp-json\/wp\/v2\/pages\/224\/revisions\/1924"}],"wp:attachment":[{"href":"https:\/\/kamieniarstwokacpra.dev.phuceno.pl\/index.php\/wp-json\/wp\/v2\/media?parent=224"}],"curies":[{"name":"wp","href":"https:\/\/api.w.org\/{rel}","templated":true}]}}