{"id":300,"date":"2023-03-07T10:26:34","date_gmt":"2023-03-07T10:26:34","guid":{"rendered":"https:\/\/kamieniarstwokacpra.dev.phuceno.pl\/?page_id=300"},"modified":"2023-10-24T06:49:17","modified_gmt":"2023-10-24T06:49:17","slug":"galeria","status":"publish","type":"page","link":"https:\/\/kamieniarstwokacpra.dev.phuceno.pl\/index.php\/galeria\/","title":{"rendered":"Galeria"},"content":{"rendered":"\n<p>Zapraszamy do zapoznania si\u0119 z galeri\u0105 dost\u0119pnych prac kamieniarskich wykonanych przez firm\u0119 Kamieniarstwo Kacpra<\/p>\n\n\n\n<p><\/p>\n\n\n\n<div class=\"wp-block-buttons has-custom-font-size is-horizontal is-content-justification-center is-layout-flex wp-container-core-buttons-is-layout-a7e12a7a wp-block-buttons-is-layout-flex\" style=\"margin-top:0;margin-bottom:0;font-size:clamp(14px, 0.875rem + ((1vw - 3.2px) * 0.488), 18px);\">\n<div class=\"wp-block-button has-custom-width wp-block-button__width-50\"><a class=\"wp-block-button__link wp-element-button\" href=\"https:\/\/kamieniarstwokacpra.dev.phuceno.pl\/index.php\/schody\/\" rel=\"\">Schody<\/a><\/div>\n\n\n\n<div class=\"wp-block-button has-custom-width wp-block-button__width-50\"><a class=\"wp-block-button__link wp-element-button\" href=\"https:\/\/kamieniarstwokacpra.dev.phuceno.pl\/index.php\/tarasy\/\">Tarasy<\/a><\/div>\n\n\n\n<div class=\"wp-block-button has-custom-width wp-block-button__width-50\"><a class=\"wp-block-button__link wp-element-button\" href=\"https:\/\/kamieniarstwokacpra.dev.phuceno.pl\/index.php\/murki-i-ploty\/\">Murki i p\u0142oty<\/a><\/div>\n\n\n\n<div class=\"wp-block-button has-custom-width wp-block-button__width-50\"><a class=\"wp-block-button__link wp-element-button\" href=\"https:\/\/kamieniarstwokacpra.dev.phuceno.pl\/index.php\/aranzacje-domowe-i-przydomowe\/\">Aran\u017cacje domowe i przydomowe<\/a><\/div>\n\n\n\n<div class=\"wp-block-button has-custom-width wp-block-button__width-50\"><a class=\"wp-block-button__link wp-element-button\" href=\"https:\/\/kamieniarstwokacpra.dev.phuceno.pl\/index.php\/sciezki-i-posadzki\/\">\u015acie\u017cki i posadzki<\/a><\/div>\n\n\n\n<div class=\"wp-block-button has-custom-width wp-block-button__width-50\"><a class=\"wp-block-button__link wp-element-button\" href=\"https:\/\/kamieniarstwokacpra.dev.phuceno.pl\/index.php\/kapliczki\/\">Kapliczki<\/a><\/div>\n\n\n\n<div class=\"wp-block-button has-custom-width wp-block-button__width-50\"><a class=\"wp-block-button__link wp-element-button\" href=\"https:\/\/kamieniarstwokacpra.dev.phuceno.pl\/index.php\/aranzacje-w-ogrodzie\/\">Aran\u017cacje w ogrodzie<\/a><\/div>\n\n\n\n<div class=\"wp-block-button has-custom-width wp-block-button__width-50\"><a class=\"wp-block-button__link wp-element-button\" href=\"https:\/\/kamieniarstwokacpra.dev.phuceno.pl\/index.php\/grille-i-wedzarnie\/\">Grille i w\u0119dzarnie<\/a><\/div>\n\n\n\n<div class=\"wp-block-button has-custom-width wp-block-button__width-50\"><a class=\"wp-block-button__link wp-element-button\" href=\"https:\/\/kamieniarstwokacpra.dev.phuceno.pl\/index.php\/piwniczki-i-winnice\/\">Piwniczki i winnice<\/a><\/div>\n<\/div>\n","protected":false},"excerpt":{"rendered":"<p>Zapraszamy do zapoznania si\u0119 z galeri\u0105 dost\u0119pnych prac kamieniarskich wykonanych przez firm\u0119 Kamieniarstwo Kacpra<\/p>\n","protected":false},"author":1,"featured_media":0,"parent":0,"menu_order":0,"comment_status":"closed","ping_status":"closed","template":"","meta":{"footnotes":""},"class_list":["post-300","page","type-page","status-publish","hentry"],"yoast_head":"<!-- This site is optimized with the Yoast SEO plugin v26.8 - https:\/\/yoast.com\/product\/yoast-seo-wordpress\/ -->\n<title>Galeria - Kamieniarstwo Kacpra<\/title>\n<meta name=\"description\" content=\"Wybierz z po\u015br\u00f3d wielu dost\u0119pnych interesuj\u0105cych Ci\u0119 kategorii prac \u017ceby zobaczy\u0107 konstrukcje wykonane przez Kamieniarstwo Kacpra\" \/>\n<meta name=\"robots\" content=\"index, follow, max-snippet:-1, max-image-preview:large, max-video-preview:-1\" \/>\n<link rel=\"canonical\" href=\"https:\/\/kamieniarstwokacpra.dev.phuceno.pl\/index.php\/galeria\/\" \/>\n<meta property=\"og:locale\" content=\"pl_PL\" \/>\n<meta property=\"og:type\" content=\"article\" \/>\n<meta property=\"og:title\" content=\"Galeria - Kamieniarstwo Kacpra\" \/>\n<meta property=\"og:description\" content=\"Wybierz z po\u015br\u00f3d wielu dost\u0119pnych interesuj\u0105cych Ci\u0119 kategorii prac \u017ceby zobaczy\u0107 konstrukcje wykonane przez Kamieniarstwo Kacpra\" \/>\n<meta property=\"og:url\" content=\"https:\/\/kamieniarstwokacpra.dev.phuceno.pl\/index.php\/galeria\/\" \/>\n<meta property=\"og:site_name\" content=\"Kamieniarstwo Kacpra\" \/>\n<meta property=\"article:modified_time\" content=\"2023-10-24T06:49:17+00:00\" \/>\n<meta name=\"twitter:card\" content=\"summary_large_image\" \/>\n<meta name=\"twitter:label1\" content=\"Szacowany czas czytania\" \/>\n\t<meta name=\"twitter:data1\" content=\"1 minuta\" \/>\n<script type=\"application\/ld+json\" class=\"yoast-schema-graph\">{\"@context\":\"https:\/\/schema.org\",\"@graph\":[{\"@type\":\"WebPage\",\"@id\":\"https:\/\/kamieniarstwokacpra.dev.phuceno.pl\/index.php\/galeria\/\",\"url\":\"https:\/\/kamieniarstwokacpra.dev.phuceno.pl\/index.php\/galeria\/\",\"name\":\"Galeria - Kamieniarstwo Kacpra\",\"isPartOf\":{\"@id\":\"https:\/\/kamieniarstwokacpra.dev.phuceno.pl\/#website\"},\"datePublished\":\"2023-03-07T10:26:34+00:00\",\"dateModified\":\"2023-10-24T06:49:17+00:00\",\"description\":\"Wybierz z po\u015br\u00f3d wielu dost\u0119pnych interesuj\u0105cych Ci\u0119 kategorii prac \u017ceby zobaczy\u0107 konstrukcje wykonane przez Kamieniarstwo Kacpra\",\"breadcrumb\":{\"@id\":\"https:\/\/kamieniarstwokacpra.dev.phuceno.pl\/index.php\/galeria\/#breadcrumb\"},\"inLanguage\":\"pl-PL\",\"potentialAction\":[{\"@type\":\"ReadAction\",\"target\":[\"https:\/\/kamieniarstwokacpra.dev.phuceno.pl\/index.php\/galeria\/\"]}]},{\"@type\":\"BreadcrumbList\",\"@id\":\"https:\/\/kamieniarstwokacpra.dev.phuceno.pl\/index.php\/galeria\/#breadcrumb\",\"itemListElement\":[{\"@type\":\"ListItem\",\"position\":1,\"name\":\"Strona g\u0142\u00f3wna\",\"item\":\"https:\/\/kamieniarstwokacpra.dev.phuceno.pl\/\"},{\"@type\":\"ListItem\",\"position\":2,\"name\":\"Galeria\"}]},{\"@type\":\"WebSite\",\"@id\":\"https:\/\/kamieniarstwokacpra.dev.phuceno.pl\/#website\",\"url\":\"https:\/\/kamieniarstwokacpra.dev.phuceno.pl\/\",\"name\":\"Kamieniarstwo Kacpra\",\"description\":\"Kompleksowe prace z kamienia naturalnego\",\"publisher\":{\"@id\":\"https:\/\/kamieniarstwokacpra.dev.phuceno.pl\/#organization\"},\"potentialAction\":[{\"@type\":\"SearchAction\",\"target\":{\"@type\":\"EntryPoint\",\"urlTemplate\":\"https:\/\/kamieniarstwokacpra.dev.phuceno.pl\/?s={search_term_string}\"},\"query-input\":{\"@type\":\"PropertyValueSpecification\",\"valueRequired\":true,\"valueName\":\"search_term_string\"}}],\"inLanguage\":\"pl-PL\"},{\"@type\":\"Organization\",\"@id\":\"https:\/\/kamieniarstwokacpra.dev.phuceno.pl\/#organization\",\"name\":\"Kamieniarstwo Kacpra\",\"url\":\"https:\/\/kamieniarstwokacpra.dev.phuceno.pl\/\",\"logo\":{\"@type\":\"ImageObject\",\"inLanguage\":\"pl-PL\",\"@id\":\"https:\/\/kamieniarstwokacpra.dev.phuceno.pl\/#\/schema\/logo\/image\/\",\"url\":\"https:\/\/kamieniarstwokacpra.dev.phuceno.pl\/wp-content\/uploads\/2023\/03\/cropped-logo.webp\",\"contentUrl\":\"https:\/\/kamieniarstwokacpra.dev.phuceno.pl\/wp-content\/uploads\/2023\/03\/cropped-logo.webp\",\"width\":500,\"height\":500,\"caption\":\"Kamieniarstwo Kacpra\"},\"image\":{\"@id\":\"https:\/\/kamieniarstwokacpra.dev.phuceno.pl\/#\/schema\/logo\/image\/\"}}]}<\/script>\n<!-- \/ Yoast SEO plugin. -->","yoast_head_json":{"title":"Galeria - Kamieniarstwo Kacpra","description":"Wybierz z po\u015br\u00f3d wielu dost\u0119pnych interesuj\u0105cych Ci\u0119 kategorii prac \u017ceby zobaczy\u0107 konstrukcje wykonane przez Kamieniarstwo Kacpra","robots":{"index":"index","follow":"follow","max-snippet":"max-snippet:-1","max-image-preview":"max-image-preview:large","max-video-preview":"max-video-preview:-1"},"canonical":"https:\/\/kamieniarstwokacpra.dev.phuceno.pl\/index.php\/galeria\/","og_locale":"pl_PL","og_type":"article","og_title":"Galeria - Kamieniarstwo Kacpra","og_description":"Wybierz z po\u015br\u00f3d wielu dost\u0119pnych interesuj\u0105cych Ci\u0119 kategorii prac \u017ceby zobaczy\u0107 konstrukcje wykonane przez Kamieniarstwo Kacpra","og_url":"https:\/\/kamieniarstwokacpra.dev.phuceno.pl\/index.php\/galeria\/","og_site_name":"Kamieniarstwo Kacpra","article_modified_time":"2023-10-24T06:49:17+00:00","twitter_card":"summary_large_image","twitter_misc":{"Szacowany czas czytania":"1 minuta"},"schema":{"@context":"https:\/\/schema.org","@graph":[{"@type":"WebPage","@id":"https:\/\/kamieniarstwokacpra.dev.phuceno.pl\/index.php\/galeria\/","url":"https:\/\/kamieniarstwokacpra.dev.phuceno.pl\/index.php\/galeria\/","name":"Galeria - Kamieniarstwo Kacpra","isPartOf":{"@id":"https:\/\/kamieniarstwokacpra.dev.phuceno.pl\/#website"},"datePublished":"2023-03-07T10:26:34+00:00","dateModified":"2023-10-24T06:49:17+00:00","description":"Wybierz z po\u015br\u00f3d wielu dost\u0119pnych interesuj\u0105cych Ci\u0119 kategorii prac \u017ceby zobaczy\u0107 konstrukcje wykonane przez Kamieniarstwo Kacpra","breadcrumb":{"@id":"https:\/\/kamieniarstwokacpra.dev.phuceno.pl\/index.php\/galeria\/#breadcrumb"},"inLanguage":"pl-PL","potentialAction":[{"@type":"ReadAction","target":["https:\/\/kamieniarstwokacpra.dev.phuceno.pl\/index.php\/galeria\/"]}]},{"@type":"BreadcrumbList","@id":"https:\/\/kamieniarstwokacpra.dev.phuceno.pl\/index.php\/galeria\/#breadcrumb","itemListElement":[{"@type":"ListItem","position":1,"name":"Strona g\u0142\u00f3wna","item":"https:\/\/kamieniarstwokacpra.dev.phuceno.pl\/"},{"@type":"ListItem","position":2,"name":"Galeria"}]},{"@type":"WebSite","@id":"https:\/\/kamieniarstwokacpra.dev.phuceno.pl\/#website","url":"https:\/\/kamieniarstwokacpra.dev.phuceno.pl\/","name":"Kamieniarstwo Kacpra","description":"Kompleksowe prace z kamienia naturalnego","publisher":{"@id":"https:\/\/kamieniarstwokacpra.dev.phuceno.pl\/#organization"},"potentialAction":[{"@type":"SearchAction","target":{"@type":"EntryPoint","urlTemplate":"https:\/\/kamieniarstwokacpra.dev.phuceno.pl\/?s={search_term_string}"},"query-input":{"@type":"PropertyValueSpecification","valueRequired":true,"valueName":"search_term_string"}}],"inLanguage":"pl-PL"},{"@type":"Organization","@id":"https:\/\/kamieniarstwokacpra.dev.phuceno.pl\/#organization","name":"Kamieniarstwo Kacpra","url":"https:\/\/kamieniarstwokacpra.dev.phuceno.pl\/","logo":{"@type":"ImageObject","inLanguage":"pl-PL","@id":"https:\/\/kamieniarstwokacpra.dev.phuceno.pl\/#\/schema\/logo\/image\/","url":"https:\/\/kamieniarstwokacpra.dev.phuceno.pl\/wp-content\/uploads\/2023\/03\/cropped-logo.webp","contentUrl":"https:\/\/kamieniarstwokacpra.dev.phuceno.pl\/wp-content\/uploads\/2023\/03\/cropped-logo.webp","width":500,"height":500,"caption":"Kamieniarstwo Kacpra"},"image":{"@id":"https:\/\/kamieniarstwokacpra.dev.phuceno.pl\/#\/schema\/logo\/image\/"}}]}},"_links":{"self":[{"href":"https:\/\/kamieniarstwokacpra.dev.phuceno.pl\/index.php\/wp-json\/wp\/v2\/pages\/300","targetHints":{"allow":["GET"]}}],"collection":[{"href":"https:\/\/kamieniarstwokacpra.dev.phuceno.pl\/index.php\/wp-json\/wp\/v2\/pages"}],"about":[{"href":"https:\/\/kamieniarstwokacpra.dev.phuceno.pl\/index.php\/wp-json\/wp\/v2\/types\/page"}],"author":[{"embeddable":true,"href":"https:\/\/kamieniarstwokacpra.dev.phuceno.pl\/index.php\/wp-json\/wp\/v2\/users\/1"}],"replies":[{"embeddable":true,"href":"https:\/\/kamieniarstwokacpra.dev.phuceno.pl\/index.php\/wp-json\/wp\/v2\/comments?post=300"}],"version-history":[{"count":193,"href":"https:\/\/kamieniarstwokacpra.dev.phuceno.pl\/index.php\/wp-json\/wp\/v2\/pages\/300\/revisions"}],"predecessor-version":[{"id":1616,"href":"https:\/\/kamieniarstwokacpra.dev.phuceno.pl\/index.php\/wp-json\/wp\/v2\/pages\/300\/revisions\/1616"}],"wp:attachment":[{"href":"https:\/\/kamieniarstwokacpra.dev.phuceno.pl\/index.php\/wp-json\/wp\/v2\/media?parent=300"}],"curies":[{"name":"wp","href":"https:\/\/api.w.org\/{rel}","templated":true}]}}